{"id":64,"date":"2026-01-22T12:41:32","date_gmt":"2026-01-22T11:41:32","guid":{"rendered":"http:\/\/masazdlacialaiduszy.pl\/?page_id=64"},"modified":"2026-02-04T11:45:24","modified_gmt":"2026-02-04T10:45:24","slug":"krioterapia","status":"publish","type":"page","link":"https:\/\/masazdlacialaiduszy.pl\/?page_id=64","title":{"rendered":"Krioterapia"},"content":{"rendered":"\n<figure class=\"wp-block-pullquote\"><blockquote><p><strong>Krioterapia Estetyczna<\/strong><br><strong>Naturalny i niebywale skuteczny spos\u00f3b na pozbycie si\u0119 uporczywej&nbsp;tkanki t\u0142uszczowej,&nbsp;<\/strong><br><strong>cellulitu,&nbsp;zmarszczek czy obwis\u0142ej sk\u00f3ry. Metoda ta stanowi fantastyczn\u0105 alternatyw\u0119<\/strong><br><strong>&nbsp;dla botoksu czy te\u017c innych bardziej inwazyjnych zabieg\u00f3w. To co wydawa\u0142o si\u0119 bezpowrotnie<\/strong><br><strong>utracone, znowu jest na wyci\u0105gni\u0119cie r\u0119ki.<\/strong><\/p><\/blockquote><\/figure>\n\n\n\n<figure class=\"wp-block-image size-large\"><img fetchpriority=\"high\" decoding=\"async\" width=\"1024\" height=\"652\" src=\"http:\/\/masazdlacialaiduszy.pl\/wp-content\/uploads\/2026\/01\/40e31b9a-1443-4e4b-a933-3b3b46a9aca8-1024x652.jpg\" alt=\"\" class=\"wp-image-93\" srcset=\"https:\/\/masazdlacialaiduszy.pl\/wp-content\/uploads\/2026\/01\/40e31b9a-1443-4e4b-a933-3b3b46a9aca8-1024x652.jpg 1024w, https:\/\/masazdlacialaiduszy.pl\/wp-content\/uploads\/2026\/01\/40e31b9a-1443-4e4b-a933-3b3b46a9aca8-300x191.jpg 300w, https:\/\/masazdlacialaiduszy.pl\/wp-content\/uploads\/2026\/01\/40e31b9a-1443-4e4b-a933-3b3b46a9aca8-768x489.jpg 768w, https:\/\/masazdlacialaiduszy.pl\/wp-content\/uploads\/2026\/01\/40e31b9a-1443-4e4b-a933-3b3b46a9aca8.jpg 1058w\" sizes=\"(max-width: 1024px) 100vw, 1024px\" \/><\/figure>\n\n\n\n<figure class=\"wp-block-pullquote\"><blockquote><p>Jak dzia\u0142a wymra\u017canie kom\u00f3rek t\u0142uszczowych?<br><strong>Motorem ca\u0142ego procesu jest urz\u0105dzenie medyczne renomowanej w\u0142oskiej firmy Pagani o nazwie Cryo T-Shock.&nbsp; CRYO T-SHOCK wykorzystuje procesy termografii oraz krioterapii. Naprzemienne&nbsp; zastosowanie niskiej i wysokiej temperatury powoduje intensywn\u0105 stymulacje tkanek, dzi\u0119ki czemu przyspiesza aktywno\u015b\u0107 kom\u00f3rkowa ca\u0142ego cia\u0142a. Nast\u0119puje miejscowe wymro\u017cenie tkanki t\u0142uszczowej w naszym organizmie, co prowadzi do apoptozy, czyli kontrolowanej \u015bmierci kom\u00f3rek t\u0142uszczowych. S\u0105 one niszczone i naturalnie eliminowane przez uk\u0142ad limfatyczny, krwiono\u015bny i wydalniczy.&nbsp; Efektem ca\u0142ego procesu jest miejscowe usuni\u0119cie tkanki t\u0142uszczowej przy jednoczesnym uj\u0119drnieniu sk\u00f3ry. CRYO T SHOCK \u2122 powoduje aktywacje fibroblast\u00f3w do produkcji kolagenu&nbsp;co objawia si\u0119 popraw\u0105 jedrno\u015bci skory, jej odm\u0142odzeniem oraz redukcj\u0105 cellulitu.<\/strong><\/p><\/blockquote><\/figure>\n\n\n\n<figure class=\"wp-block-pullquote\"><blockquote><p>Najcz\u0119\u015bciej zadawane pytania<\/p><cite>1. Jak cz\u0119sto mo\u017cna wykonywa\u0107 zabiegi?&nbsp; &nbsp;&nbsp;&nbsp; Wymra\u017canie tkanki t\u0142uszczowej mo\u017cna wykonywa\u0107 co 15 dni. Organizm potrzebuje czasu aby pozby\u0107 si\u0119 obumar\u0142ych&nbsp; &nbsp; &nbsp; &nbsp; &nbsp; &nbsp;kom\u00f3rek t\u0142uszczowych. Zalecane s\u0105 co najmniej 4 zabiegi.<br>Lifting twarzy mo\u017cna wykonywa\u0107 codziennie. Zaleca si\u0119 wykonanie przynajmniej kilku zabieg\u00f3w w jak najkr\u00f3tszych odst\u0119pach czasowych. Dla podtrzymania efekt\u00f3w warto raz na jaki\u015b czas (kilka miesi\u0119cy) wykona\u0107 zabieg utrwalaj\u0105cy.<br>&nbsp;Redukcje cellulitu mo\u017cna wykonywa\u0107 w odst\u0119pie tygodniowym.<br>2. Czy zabiegi s\u0105 bolesne?<br>&nbsp;Zabiegi s\u0105 absolutnie bezbolesne.&nbsp;<br>3. Post\u0119powanie po zabiegu.<br>&nbsp;Przez minimum 28 dni po zabiegu nale\u017cy spo\u017cywa\u0107 minimum 2l wody dziennie.<br>Dla uzyskania jak najlepszych efekt\u00f3w warto po zabiegu stosowa\u0107 pe\u0142nowarto\u015bciow\u0105, lekkostrawn\u0105 diet\u0119.<br>4. Jak szybko b\u0119d\u0105 widoczne efekty?<br>&nbsp;W przypadku liftingu twarzy oraz uj\u0119drniania efekty s\u0105 od razu widoczne.<br>&nbsp;W przypadku wymra\u017cania pierwsze efekty s\u0105 z regu\u0142y widoczne po 2-3 tygodniach od pierwszego zabiegu. U os\u00f3b z wi\u0119ksz\u0105 tkank\u0105 t\u0142uszczow\u0105 efekty mog\u0105 si\u0119 pojawi\u0107 nieco p\u00f3\u017aniej.<br>5. Jakie s\u0105 przeciwwskazania do zabiegu?<br>Ci\u0105\u017ca<br>Choroby nerek<br>Silna cukrzyca<br>Aktywny lub przebyty (do 5 lat po wyleczeniu) nowotw\u00f3r<br>Zapalenie lub uszkodzenie nask\u00f3rka w miejscu poddawanym zabiegowi<br>Alergia na zimno<br>6. Jakie s\u0105 wskazania do zabiegu?<br>&nbsp; &nbsp; &nbsp; &nbsp;-obszary ze zbyt du\u017c\u0105 ilo\u015bci\u0105 t\u0142uszczu<br>&nbsp; &nbsp; &nbsp; &nbsp;-sk\u00f3ra wiotka<br>&nbsp; &nbsp; &nbsp; &nbsp;-sk\u00f3ra naczyniowa<br>&nbsp; &nbsp; &nbsp; &nbsp;-tr\u0105dzik r\u00f3\u017cowaty<br>&nbsp; &nbsp; &nbsp; &nbsp;-zmarszczki<br>&nbsp; &nbsp; &nbsp; &nbsp;-starzej\u0105ca si\u0119 sk\u00f3ra dekoltu i szyi<br>&nbsp; &nbsp; &nbsp; &nbsp;-podw\u00f3jny podbr\u00f3dek<br>&nbsp; &nbsp; &nbsp; &nbsp;-cellulit wodny, w\u0142\u00f3knisty, zanikowy<br>&nbsp; &nbsp; &nbsp; &nbsp;-zwi\u0119kszony obw\u00f3d ud, brzucha, ramion<br>&nbsp; &nbsp; &nbsp; &nbsp;-b\u00f3l staw\u00f3w<br>&nbsp; &nbsp; &nbsp; &nbsp;-ostre i przewlek\u0142e stany zapalne<br>&nbsp; &nbsp; &nbsp; -rozszerzone pory<br>&nbsp; &nbsp; &nbsp; -opuchlizny pod oczami<\/cite><\/blockquote><\/figure>\n\n\n\n<figure class=\"wp-block-gallery has-nested-images columns-default is-cropped wp-block-gallery-1 is-layout-flex wp-block-gallery-is-layout-flex\">\n<figure class=\"wp-block-image size-large\"><img decoding=\"async\" width=\"1024\" height=\"482\" data-id=\"110\" src=\"http:\/\/masazdlacialaiduszy.pl\/wp-content\/uploads\/2026\/01\/004e11b6-6aff-4509-8518-a4b6e64c5a47-1024x482.jpg\" alt=\"\" class=\"wp-image-110\" srcset=\"https:\/\/masazdlacialaiduszy.pl\/wp-content\/uploads\/2026\/01\/004e11b6-6aff-4509-8518-a4b6e64c5a47-1024x482.jpg 1024w, https:\/\/masazdlacialaiduszy.pl\/wp-content\/uploads\/2026\/01\/004e11b6-6aff-4509-8518-a4b6e64c5a47-300x141.jpg 300w, https:\/\/masazdlacialaiduszy.pl\/wp-content\/uploads\/2026\/01\/004e11b6-6aff-4509-8518-a4b6e64c5a47-768x362.jpg 768w, https:\/\/masazdlacialaiduszy.pl\/wp-content\/uploads\/2026\/01\/004e11b6-6aff-4509-8518-a4b6e64c5a47.jpg 1418w\" sizes=\"(max-width: 1024px) 100vw, 1024px\" \/><\/figure>\n\n\n\n<figure class=\"wp-block-image size-large\"><img decoding=\"async\" width=\"867\" height=\"1024\" data-id=\"115\" src=\"http:\/\/masazdlacialaiduszy.pl\/wp-content\/uploads\/2026\/01\/409c71e1-8133-4759-8a9f-b00e0fbb13b4-867x1024.jpg\" alt=\"\" class=\"wp-image-115\" srcset=\"https:\/\/masazdlacialaiduszy.pl\/wp-content\/uploads\/2026\/01\/409c71e1-8133-4759-8a9f-b00e0fbb13b4-867x1024.jpg 867w, https:\/\/masazdlacialaiduszy.pl\/wp-content\/uploads\/2026\/01\/409c71e1-8133-4759-8a9f-b00e0fbb13b4-254x300.jpg 254w, https:\/\/masazdlacialaiduszy.pl\/wp-content\/uploads\/2026\/01\/409c71e1-8133-4759-8a9f-b00e0fbb13b4-768x907.jpg 768w, https:\/\/masazdlacialaiduszy.pl\/wp-content\/uploads\/2026\/01\/409c71e1-8133-4759-8a9f-b00e0fbb13b4-1300x1536.jpg 1300w, https:\/\/masazdlacialaiduszy.pl\/wp-content\/uploads\/2026\/01\/409c71e1-8133-4759-8a9f-b00e0fbb13b4.jpg 1505w\" sizes=\"(max-width: 867px) 100vw, 867px\" \/><\/figure>\n\n\n\n<figure class=\"wp-block-image size-large\"><img loading=\"lazy\" decoding=\"async\" width=\"1024\" height=\"409\" data-id=\"111\" src=\"http:\/\/masazdlacialaiduszy.pl\/wp-content\/uploads\/2026\/01\/1271eda0-e8f6-4d84-b4be-cd669f087330-1024x409.jpg\" alt=\"\" class=\"wp-image-111\" srcset=\"https:\/\/masazdlacialaiduszy.pl\/wp-content\/uploads\/2026\/01\/1271eda0-e8f6-4d84-b4be-cd669f087330-1024x409.jpg 1024w, https:\/\/masazdlacialaiduszy.pl\/wp-content\/uploads\/2026\/01\/1271eda0-e8f6-4d84-b4be-cd669f087330-300x120.jpg 300w, https:\/\/masazdlacialaiduszy.pl\/wp-content\/uploads\/2026\/01\/1271eda0-e8f6-4d84-b4be-cd669f087330-768x307.jpg 768w, https:\/\/masazdlacialaiduszy.pl\/wp-content\/uploads\/2026\/01\/1271eda0-e8f6-4d84-b4be-cd669f087330.jpg 1067w\" sizes=\"(max-width: 1024px) 100vw, 1024px\" \/><\/figure>\n\n\n\n<figure class=\"wp-block-image size-large\"><img loading=\"lazy\" decoding=\"async\" width=\"826\" height=\"750\" data-id=\"116\" src=\"http:\/\/masazdlacialaiduszy.pl\/wp-content\/uploads\/2026\/01\/5793fa82-a287-4f4e-b930-7af8a6063712.jpg\" alt=\"\" class=\"wp-image-116\" srcset=\"https:\/\/masazdlacialaiduszy.pl\/wp-content\/uploads\/2026\/01\/5793fa82-a287-4f4e-b930-7af8a6063712.jpg 826w, https:\/\/masazdlacialaiduszy.pl\/wp-content\/uploads\/2026\/01\/5793fa82-a287-4f4e-b930-7af8a6063712-300x272.jpg 300w, https:\/\/masazdlacialaiduszy.pl\/wp-content\/uploads\/2026\/01\/5793fa82-a287-4f4e-b930-7af8a6063712-768x697.jpg 768w\" sizes=\"(max-width: 826px) 100vw, 826px\" \/><\/figure>\n\n\n\n<figure class=\"wp-block-image size-large\"><img loading=\"lazy\" decoding=\"async\" width=\"305\" height=\"397\" data-id=\"113\" src=\"http:\/\/masazdlacialaiduszy.pl\/wp-content\/uploads\/2026\/01\/21912a43-ce32-4310-b739-d3c4ed44f80b.png\" alt=\"\" class=\"wp-image-113\" srcset=\"https:\/\/masazdlacialaiduszy.pl\/wp-content\/uploads\/2026\/01\/21912a43-ce32-4310-b739-d3c4ed44f80b.png 305w, https:\/\/masazdlacialaiduszy.pl\/wp-content\/uploads\/2026\/01\/21912a43-ce32-4310-b739-d3c4ed44f80b-230x300.png 230w\" sizes=\"(max-width: 305px) 100vw, 305px\" \/><\/figure>\n\n\n\n<figure class=\"wp-block-image size-large\"><img loading=\"lazy\" decoding=\"async\" width=\"960\" height=\"960\" data-id=\"112\" src=\"http:\/\/masazdlacialaiduszy.pl\/wp-content\/uploads\/2026\/01\/4486869b-e79c-46b1-94a8-a4d6ae00e976.jpg\" alt=\"\" class=\"wp-image-112\" srcset=\"https:\/\/masazdlacialaiduszy.pl\/wp-content\/uploads\/2026\/01\/4486869b-e79c-46b1-94a8-a4d6ae00e976.jpg 960w, https:\/\/masazdlacialaiduszy.pl\/wp-content\/uploads\/2026\/01\/4486869b-e79c-46b1-94a8-a4d6ae00e976-300x300.jpg 300w, https:\/\/masazdlacialaiduszy.pl\/wp-content\/uploads\/2026\/01\/4486869b-e79c-46b1-94a8-a4d6ae00e976-150x150.jpg 150w, https:\/\/masazdlacialaiduszy.pl\/wp-content\/uploads\/2026\/01\/4486869b-e79c-46b1-94a8-a4d6ae00e976-768x768.jpg 768w\" sizes=\"(max-width: 960px) 100vw, 960px\" \/><\/figure>\n\n\n\n<figure class=\"wp-block-image size-large\"><img loading=\"lazy\" decoding=\"async\" width=\"1024\" height=\"1024\" data-id=\"114\" src=\"http:\/\/masazdlacialaiduszy.pl\/wp-content\/uploads\/2026\/01\/d548391d-de09-41be-a773-84abf48218ec-1024x1024.jpg\" alt=\"\" class=\"wp-image-114\" srcset=\"https:\/\/masazdlacialaiduszy.pl\/wp-content\/uploads\/2026\/01\/d548391d-de09-41be-a773-84abf48218ec-1024x1024.jpg 1024w, https:\/\/masazdlacialaiduszy.pl\/wp-content\/uploads\/2026\/01\/d548391d-de09-41be-a773-84abf48218ec-300x300.jpg 300w, https:\/\/masazdlacialaiduszy.pl\/wp-content\/uploads\/2026\/01\/d548391d-de09-41be-a773-84abf48218ec-150x150.jpg 150w, https:\/\/masazdlacialaiduszy.pl\/wp-content\/uploads\/2026\/01\/d548391d-de09-41be-a773-84abf48218ec-768x768.jpg 768w, https:\/\/masazdlacialaiduszy.pl\/wp-content\/uploads\/2026\/01\/d548391d-de09-41be-a773-84abf48218ec-1536x1536.jpg 1536w, https:\/\/masazdlacialaiduszy.pl\/wp-content\/uploads\/2026\/01\/d548391d-de09-41be-a773-84abf48218ec.jpg 2048w\" sizes=\"(max-width: 1024px) 100vw, 1024px\" \/><\/figure>\n\n\n\n<figure class=\"wp-block-image size-large\"><img loading=\"lazy\" decoding=\"async\" width=\"1024\" height=\"1024\" data-id=\"118\" src=\"http:\/\/masazdlacialaiduszy.pl\/wp-content\/uploads\/2026\/01\/image_6483441-1-1024x1024.jpg\" alt=\"\" class=\"wp-image-118\" srcset=\"https:\/\/masazdlacialaiduszy.pl\/wp-content\/uploads\/2026\/01\/image_6483441-1-1024x1024.jpg 1024w, https:\/\/masazdlacialaiduszy.pl\/wp-content\/uploads\/2026\/01\/image_6483441-1-300x300.jpg 300w, https:\/\/masazdlacialaiduszy.pl\/wp-content\/uploads\/2026\/01\/image_6483441-1-150x150.jpg 150w, https:\/\/masazdlacialaiduszy.pl\/wp-content\/uploads\/2026\/01\/image_6483441-1-768x768.jpg 768w, https:\/\/masazdlacialaiduszy.pl\/wp-content\/uploads\/2026\/01\/image_6483441-1-1536x1536.jpg 1536w, https:\/\/masazdlacialaiduszy.pl\/wp-content\/uploads\/2026\/01\/image_6483441-1-2048x2048.jpg 2048w\" sizes=\"(max-width: 1024px) 100vw, 1024px\" \/><\/figure>\n\n\n\n<figure class=\"wp-block-image size-large\"><img loading=\"lazy\" decoding=\"async\" width=\"1024\" height=\"1024\" data-id=\"119\" src=\"http:\/\/masazdlacialaiduszy.pl\/wp-content\/uploads\/2026\/01\/image_6483441-2-1024x1024.jpg\" alt=\"\" class=\"wp-image-119\" srcset=\"https:\/\/masazdlacialaiduszy.pl\/wp-content\/uploads\/2026\/01\/image_6483441-2-1024x1024.jpg 1024w, https:\/\/masazdlacialaiduszy.pl\/wp-content\/uploads\/2026\/01\/image_6483441-2-300x300.jpg 300w, https:\/\/masazdlacialaiduszy.pl\/wp-content\/uploads\/2026\/01\/image_6483441-2-150x150.jpg 150w, https:\/\/masazdlacialaiduszy.pl\/wp-content\/uploads\/2026\/01\/image_6483441-2-768x768.jpg 768w, https:\/\/masazdlacialaiduszy.pl\/wp-content\/uploads\/2026\/01\/image_6483441-2-1536x1536.jpg 1536w, https:\/\/masazdlacialaiduszy.pl\/wp-content\/uploads\/2026\/01\/image_6483441-2-2048x2048.jpg 2048w\" sizes=\"(max-width: 1024px) 100vw, 1024px\" \/><\/figure>\n\n\n\n<figure class=\"wp-block-image size-large\"><img loading=\"lazy\" decoding=\"async\" width=\"1024\" height=\"1024\" data-id=\"117\" src=\"http:\/\/masazdlacialaiduszy.pl\/wp-content\/uploads\/2026\/01\/image_6483441-1024x1024.jpg\" alt=\"\" class=\"wp-image-117\" srcset=\"https:\/\/masazdlacialaiduszy.pl\/wp-content\/uploads\/2026\/01\/image_6483441-1024x1024.jpg 1024w, https:\/\/masazdlacialaiduszy.pl\/wp-content\/uploads\/2026\/01\/image_6483441-300x300.jpg 300w, https:\/\/masazdlacialaiduszy.pl\/wp-content\/uploads\/2026\/01\/image_6483441-150x150.jpg 150w, https:\/\/masazdlacialaiduszy.pl\/wp-content\/uploads\/2026\/01\/image_6483441-768x768.jpg 768w, https:\/\/masazdlacialaiduszy.pl\/wp-content\/uploads\/2026\/01\/image_6483441-1536x1536.jpg 1536w, https:\/\/masazdlacialaiduszy.pl\/wp-content\/uploads\/2026\/01\/image_6483441-2048x2048.jpg 2048w\" sizes=\"(max-width: 1024px) 100vw, 1024px\" \/><\/figure>\n<\/figure>\n\n\n\n<div class=\"wp-block-columns is-layout-flex wp-container-core-columns-is-layout-28f84493 wp-block-columns-is-layout-flex\">\n<div class=\"wp-block-column is-layout-flow wp-block-column-is-layout-flow\">\n<figure class=\"wp-block-pullquote\"><blockquote><p>ZABIEG WYMRA\u017bANIA CRYO T-SHOCK<\/p><cite>30 min &#8211; do wyboru r\u0119ce \/ \u0142ydki \/biust<br>1h &#8211; do wyboru boczki \/ plecy \/ bryczesy \/uda ty\u0142 lub prz\u00f3d \/ po\u015bladki<br><br>30min &#8211; 250z\u0142\u00a0 \u00a0 \u00a0 \u00a0 \u00a0 \u00a0 \u00a0 \u00a0 \u00a0 \u00a0 \u00a0 \u00a0 \u00a0 \u00a0 \u00a0 \u00a0 \u00a0\u00a0<br>10 zabieg\u00f3w &#8211; 2250z\u0142\u00a0 \u00a0 \u00a0 \u00a0 \u00a0 \u00a0 \u00a0 \u00a0 \u00a0 \u00a0 \u00a0\u00a0<br>15 zabieg\u00f3w &#8211; 3187z\u0142\u00a0 \u00a0 \u00a0 \u00a0 \u00a0 \u00a0 \u00a0 \u00a0 \u00a0 \u00a0 \u00a0\u00a0<br>\u00a0 \u00a0 \u00a0 \u00a0 \u00a0 \u00a0 \u00a0 \u00a0 \u00a0 \u00a0 \u00a0 \u00a0 \u00a0 \u00a0 \u00a0 \u00a0 \u00a0 \u00a0 \u00a0 \u00a0 \u00a0 \u00a0 \u00a0 \u00a0 \u00a0 \u00a0 \u00a0 \u00a0 \u00a0 \u00a0 \u00a0<br>1h &#8211; 500z\u0142<br>10 zabieg\u00f3w &#8211; 4500z\u0142<br>\u00a015 zabieg\u00f3w &#8211; 6375z\u0142<br>20 zabieg\u00f3w &#8211; 8000z\u0142<\/cite><\/blockquote><\/figure>\n\n\n\n<ul class=\"wp-block-list\">\n<li>Redukcja tkanki t\u0142uszczowej<\/li>\n\n\n\n<li>Redukcja cellulitu<\/li>\n\n\n\n<li>Poprawa j\u0119drno\u015bci cia\u0142a<\/li>\n\n\n\n<li>Odm\u0142odzenie sk\u00f3ry<\/li>\n\n\n\n<li>Zabieg jest naturalny i bezbolesny<\/li>\n\n\n\n<li>Trwa\u0142e usuwanie kom\u00f3rek t\u0142uszczowych<\/li>\n\n\n\n<li>Zwi\u0119kszenie produkcji kolagenu i elastyny<\/li>\n\n\n\n<li>Redukcja rozst\u0119p\u00f3w<\/li>\n<\/ul>\n<\/div>\n\n\n\n<div class=\"wp-block-column is-layout-flow wp-block-column-is-layout-flow\">\n<figure class=\"wp-block-pullquote\"><blockquote><p>KRIOLIFTING CRYO T-SHOCK<\/p><cite>\u00a030 min &#8211; do wyboru twarz \/ szyja,\u00a0 dekolt,\u00a0 podbr\u00f3dek\u00a0 \u00a0 \u00a0 \u00a0 \u00a0 \u00a0 \u00a0 \u00a0 \u00a0 \u00a0 \u00a0 \u00a0&#8211; owal twarzy szyja dekolt podbr\u00f3dek<br><br>\u00a030min &#8211; 400z\u0142\u00a0 \u00a0 \u00a0 \u00a0 \u00a0 \u00a0 \u00a0 \u00a0 \u00a0 \u00a0 \u00a0 \u00a0 \u00a0 \u00a0 \u00a0 \u00a0 \u00a0<br>\u00a05 zabieg\u00f3w &#8211; 1600z\u0142\u00a0 \u00a0 \u00a0 \u00a0 \u00a0 \u00a0 \u00a0 \u00a0 \u00a0 \u00a0 \u00a0 \u00a0<br>\u00a010 zabieg\u00f3w &#8211; 2800z\u0142\u00a0 \u00a0 \u00a0 \u00a0 \u00a0 \u00a0 \u00a0 \u00a0 \u00a0 \u00a0\u00a0<\/cite><\/blockquote><\/figure>\n\n\n\n<ul class=\"wp-block-list\">\n<li>Poprawa j\u0119drno\u015bci sk\u00f3ry twarzy<\/li>\n\n\n\n<li>Redukcja zmarszczek<\/li>\n\n\n\n<li>Sk\u00f3ra po zabiegu jest napi\u0119ta i wyg\u0142adzona<\/li>\n\n\n\n<li>Odm\u0142odzenie sk\u00f3ry twarzy<\/li>\n\n\n\n<li>Zwi\u0119kszenie produkcji kolagenu i elastyny<\/li>\n\n\n\n<li>Zabieg jest naturalny i bezbolesny<\/li>\n<\/ul>\n<\/div>\n<\/div>\n","protected":false},"excerpt":{"rendered":"<p>Krioterapia EstetycznaNaturalny i niebywale skuteczny spos\u00f3b na pozbycie si\u0119 uporczywej&nbsp;tkanki t\u0142uszczowej,&nbsp;cellulitu,&nbsp;zmarszczek czy obwis\u0142ej sk\u00f3ry. Metoda ta stanowi fantastyczn\u0105 alternatyw\u0119&nbsp;dla botoksu czy te\u017c innych bardziej inwazyjnych zabieg\u00f3w. To co wydawa\u0142o si\u0119 bezpowrotnieutracone, znowu jest na wyci\u0105gni\u0119cie r\u0119ki. Jak dzia\u0142a wymra\u017canie kom\u00f3rek t\u0142uszczowych?Motorem ca\u0142ego procesu jest urz\u0105dzenie medyczne renomowanej w\u0142oskiej firmy Pagani o nazwie Cryo T-Shock.&nbsp; CRYO [&hellip;]<\/p>\n","protected":false},"author":1,"featured_media":0,"parent":0,"menu_order":0,"comment_status":"closed","ping_status":"closed","template":"","meta":{"footnotes":""},"class_list":["post-64","page","type-page","status-publish","hentry"],"yoast_head":"<!-- This site is optimized with the Yoast SEO plugin v26.8 - https:\/\/yoast.com\/product\/yoast-seo-wordpress\/ -->\n<title>Krioterapia - MASA\u017b DLA CIA\u0141A I DUSZY<\/title>\n<meta name=\"robots\" content=\"index, follow, max-snippet:-1, max-image-preview:large, max-video-preview:-1\" \/>\n<link rel=\"canonical\" href=\"https:\/\/masazdlacialaiduszy.pl\/?page_id=64\" \/>\n<meta property=\"og:locale\" content=\"en_US\" \/>\n<meta property=\"og:type\" content=\"article\" \/>\n<meta property=\"og:title\" content=\"Krioterapia - MASA\u017b DLA CIA\u0141A I DUSZY\" \/>\n<meta property=\"og:description\" content=\"Krioterapia EstetycznaNaturalny i niebywale skuteczny spos\u00f3b na pozbycie si\u0119 uporczywej&nbsp;tkanki t\u0142uszczowej,&nbsp;cellulitu,&nbsp;zmarszczek czy obwis\u0142ej sk\u00f3ry. Metoda ta stanowi fantastyczn\u0105 alternatyw\u0119&nbsp;dla botoksu czy te\u017c innych bardziej inwazyjnych zabieg\u00f3w. To co wydawa\u0142o si\u0119 bezpowrotnieutracone, znowu jest na wyci\u0105gni\u0119cie r\u0119ki. Jak dzia\u0142a wymra\u017canie kom\u00f3rek t\u0142uszczowych?Motorem ca\u0142ego procesu jest urz\u0105dzenie medyczne renomowanej w\u0142oskiej firmy Pagani o nazwie Cryo T-Shock.&nbsp; CRYO [&hellip;]\" \/>\n<meta property=\"og:url\" content=\"https:\/\/masazdlacialaiduszy.pl\/?page_id=64\" \/>\n<meta property=\"og:site_name\" content=\"MASA\u017b DLA CIA\u0141A I DUSZY\" \/>\n<meta property=\"article:modified_time\" content=\"2026-02-04T10:45:24+00:00\" \/>\n<meta property=\"og:image\" content=\"http:\/\/masazdlacialaiduszy.pl\/wp-content\/uploads\/2026\/01\/40e31b9a-1443-4e4b-a933-3b3b46a9aca8-1024x652.jpg\" \/>\n<meta name=\"twitter:card\" content=\"summary_large_image\" \/>\n<meta name=\"twitter:label1\" content=\"Est. reading time\" \/>\n\t<meta name=\"twitter:data1\" content=\"3 minutes\" \/>\n<script type=\"application\/ld+json\" class=\"yoast-schema-graph\">{\"@context\":\"https:\/\/schema.org\",\"@graph\":[{\"@type\":\"WebPage\",\"@id\":\"https:\/\/masazdlacialaiduszy.pl\/?page_id=64\",\"url\":\"https:\/\/masazdlacialaiduszy.pl\/?page_id=64\",\"name\":\"Krioterapia - MASA\u017b DLA CIA\u0141A I DUSZY\",\"isPartOf\":{\"@id\":\"https:\/\/masazdlacialaiduszy.pl\/#website\"},\"primaryImageOfPage\":{\"@id\":\"https:\/\/masazdlacialaiduszy.pl\/?page_id=64#primaryimage\"},\"image\":{\"@id\":\"https:\/\/masazdlacialaiduszy.pl\/?page_id=64#primaryimage\"},\"thumbnailUrl\":\"http:\/\/masazdlacialaiduszy.pl\/wp-content\/uploads\/2026\/01\/40e31b9a-1443-4e4b-a933-3b3b46a9aca8-1024x652.jpg\",\"datePublished\":\"2026-01-22T11:41:32+00:00\",\"dateModified\":\"2026-02-04T10:45:24+00:00\",\"breadcrumb\":{\"@id\":\"https:\/\/masazdlacialaiduszy.pl\/?page_id=64#breadcrumb\"},\"inLanguage\":\"en-US\",\"potentialAction\":[{\"@type\":\"ReadAction\",\"target\":[\"https:\/\/masazdlacialaiduszy.pl\/?page_id=64\"]}]},{\"@type\":\"ImageObject\",\"inLanguage\":\"en-US\",\"@id\":\"https:\/\/masazdlacialaiduszy.pl\/?page_id=64#primaryimage\",\"url\":\"https:\/\/masazdlacialaiduszy.pl\/wp-content\/uploads\/2026\/01\/40e31b9a-1443-4e4b-a933-3b3b46a9aca8.jpg\",\"contentUrl\":\"https:\/\/masazdlacialaiduszy.pl\/wp-content\/uploads\/2026\/01\/40e31b9a-1443-4e4b-a933-3b3b46a9aca8.jpg\",\"width\":1058,\"height\":674},{\"@type\":\"BreadcrumbList\",\"@id\":\"https:\/\/masazdlacialaiduszy.pl\/?page_id=64#breadcrumb\",\"itemListElement\":[{\"@type\":\"ListItem\",\"position\":1,\"name\":\"Home\",\"item\":\"https:\/\/masazdlacialaiduszy.pl\/\"},{\"@type\":\"ListItem\",\"position\":2,\"name\":\"Krioterapia\"}]},{\"@type\":\"WebSite\",\"@id\":\"https:\/\/masazdlacialaiduszy.pl\/#website\",\"url\":\"https:\/\/masazdlacialaiduszy.pl\/\",\"name\":\"MASA\u017b DLA CIA\u0141A I DUSZY\",\"description\":\"\",\"potentialAction\":[{\"@type\":\"SearchAction\",\"target\":{\"@type\":\"EntryPoint\",\"urlTemplate\":\"https:\/\/masazdlacialaiduszy.pl\/?s={search_term_string}\"},\"query-input\":{\"@type\":\"PropertyValueSpecification\",\"valueRequired\":true,\"valueName\":\"search_term_string\"}}],\"inLanguage\":\"en-US\"}]}<\/script>\n<!-- \/ Yoast SEO plugin. -->","yoast_head_json":{"title":"Krioterapia - MASA\u017b DLA CIA\u0141A I DUSZY","robots":{"index":"index","follow":"follow","max-snippet":"max-snippet:-1","max-image-preview":"max-image-preview:large","max-video-preview":"max-video-preview:-1"},"canonical":"https:\/\/masazdlacialaiduszy.pl\/?page_id=64","og_locale":"en_US","og_type":"article","og_title":"Krioterapia - MASA\u017b DLA CIA\u0141A I DUSZY","og_description":"Krioterapia EstetycznaNaturalny i niebywale skuteczny spos\u00f3b na pozbycie si\u0119 uporczywej&nbsp;tkanki t\u0142uszczowej,&nbsp;cellulitu,&nbsp;zmarszczek czy obwis\u0142ej sk\u00f3ry. Metoda ta stanowi fantastyczn\u0105 alternatyw\u0119&nbsp;dla botoksu czy te\u017c innych bardziej inwazyjnych zabieg\u00f3w. To co wydawa\u0142o si\u0119 bezpowrotnieutracone, znowu jest na wyci\u0105gni\u0119cie r\u0119ki. Jak dzia\u0142a wymra\u017canie kom\u00f3rek t\u0142uszczowych?Motorem ca\u0142ego procesu jest urz\u0105dzenie medyczne renomowanej w\u0142oskiej firmy Pagani o nazwie Cryo T-Shock.&nbsp; CRYO [&hellip;]","og_url":"https:\/\/masazdlacialaiduszy.pl\/?page_id=64","og_site_name":"MASA\u017b DLA CIA\u0141A I DUSZY","article_modified_time":"2026-02-04T10:45:24+00:00","og_image":[{"url":"http:\/\/masazdlacialaiduszy.pl\/wp-content\/uploads\/2026\/01\/40e31b9a-1443-4e4b-a933-3b3b46a9aca8-1024x652.jpg","type":"","width":"","height":""}],"twitter_card":"summary_large_image","twitter_misc":{"Est. reading time":"3 minutes"},"schema":{"@context":"https:\/\/schema.org","@graph":[{"@type":"WebPage","@id":"https:\/\/masazdlacialaiduszy.pl\/?page_id=64","url":"https:\/\/masazdlacialaiduszy.pl\/?page_id=64","name":"Krioterapia - MASA\u017b DLA CIA\u0141A I DUSZY","isPartOf":{"@id":"https:\/\/masazdlacialaiduszy.pl\/#website"},"primaryImageOfPage":{"@id":"https:\/\/masazdlacialaiduszy.pl\/?page_id=64#primaryimage"},"image":{"@id":"https:\/\/masazdlacialaiduszy.pl\/?page_id=64#primaryimage"},"thumbnailUrl":"http:\/\/masazdlacialaiduszy.pl\/wp-content\/uploads\/2026\/01\/40e31b9a-1443-4e4b-a933-3b3b46a9aca8-1024x652.jpg","datePublished":"2026-01-22T11:41:32+00:00","dateModified":"2026-02-04T10:45:24+00:00","breadcrumb":{"@id":"https:\/\/masazdlacialaiduszy.pl\/?page_id=64#breadcrumb"},"inLanguage":"en-US","potentialAction":[{"@type":"ReadAction","target":["https:\/\/masazdlacialaiduszy.pl\/?page_id=64"]}]},{"@type":"ImageObject","inLanguage":"en-US","@id":"https:\/\/masazdlacialaiduszy.pl\/?page_id=64#primaryimage","url":"https:\/\/masazdlacialaiduszy.pl\/wp-content\/uploads\/2026\/01\/40e31b9a-1443-4e4b-a933-3b3b46a9aca8.jpg","contentUrl":"https:\/\/masazdlacialaiduszy.pl\/wp-content\/uploads\/2026\/01\/40e31b9a-1443-4e4b-a933-3b3b46a9aca8.jpg","width":1058,"height":674},{"@type":"BreadcrumbList","@id":"https:\/\/masazdlacialaiduszy.pl\/?page_id=64#breadcrumb","itemListElement":[{"@type":"ListItem","position":1,"name":"Home","item":"https:\/\/masazdlacialaiduszy.pl\/"},{"@type":"ListItem","position":2,"name":"Krioterapia"}]},{"@type":"WebSite","@id":"https:\/\/masazdlacialaiduszy.pl\/#website","url":"https:\/\/masazdlacialaiduszy.pl\/","name":"MASA\u017b DLA CIA\u0141A I DUSZY","description":"","potentialAction":[{"@type":"SearchAction","target":{"@type":"EntryPoint","urlTemplate":"https:\/\/masazdlacialaiduszy.pl\/?s={search_term_string}"},"query-input":{"@type":"PropertyValueSpecification","valueRequired":true,"valueName":"search_term_string"}}],"inLanguage":"en-US"}]}},"_links":{"self":[{"href":"https:\/\/masazdlacialaiduszy.pl\/index.php?rest_route=\/wp\/v2\/pages\/64","targetHints":{"allow":["GET"]}}],"collection":[{"href":"https:\/\/masazdlacialaiduszy.pl\/index.php?rest_route=\/wp\/v2\/pages"}],"about":[{"href":"https:\/\/masazdlacialaiduszy.pl\/index.php?rest_route=\/wp\/v2\/types\/page"}],"author":[{"embeddable":true,"href":"https:\/\/masazdlacialaiduszy.pl\/index.php?rest_route=\/wp\/v2\/users\/1"}],"replies":[{"embeddable":true,"href":"https:\/\/masazdlacialaiduszy.pl\/index.php?rest_route=%2Fwp%2Fv2%2Fcomments&post=64"}],"version-history":[{"count":5,"href":"https:\/\/masazdlacialaiduszy.pl\/index.php?rest_route=\/wp\/v2\/pages\/64\/revisions"}],"predecessor-version":[{"id":146,"href":"https:\/\/masazdlacialaiduszy.pl\/index.php?rest_route=\/wp\/v2\/pages\/64\/revisions\/146"}],"wp:attachment":[{"href":"https:\/\/masazdlacialaiduszy.pl\/index.php?rest_route=%2Fwp%2Fv2%2Fmedia&parent=64"}],"curies":[{"name":"wp","href":"https:\/\/api.w.org\/{rel}","templated":true}]}}