{"id":63,"date":"2026-01-22T12:41:32","date_gmt":"2026-01-22T11:41:32","guid":{"rendered":"http:\/\/masazdlacialaiduszy.pl\/?page_id=63"},"modified":"2026-02-04T19:10:34","modified_gmt":"2026-02-04T18:10:34","slug":"masaz","status":"publish","type":"page","link":"https:\/\/masazdlacialaiduszy.pl\/?page_id=63","title":{"rendered":"Masa\u017c"},"content":{"rendered":"\n<div class=\"wp-block-columns is-layout-flex wp-container-core-columns-is-layout-5e5f8de4 wp-block-columns-is-layout-flex\" style=\"border-style:none;border-width:0px;border-top-left-radius:0px;border-top-right-radius:0px;border-bottom-left-radius:0px;border-bottom-right-radius:0px;padding-top:0;padding-right:0;padding-bottom:0;padding-left:0\">\n<div class=\"wp-block-column is-layout-flow wp-block-column-is-layout-flow\">\n<figure class=\"wp-block-image size-large\"><img fetchpriority=\"high\" decoding=\"async\" width=\"1024\" height=\"667\" src=\"http:\/\/masazdlacialaiduszy.pl\/wp-content\/uploads\/2026\/01\/IMG-20260130-WA0017-1024x667.jpg\" alt=\"\" class=\"wp-image-126\" srcset=\"https:\/\/masazdlacialaiduszy.pl\/wp-content\/uploads\/2026\/01\/IMG-20260130-WA0017-1024x667.jpg 1024w, https:\/\/masazdlacialaiduszy.pl\/wp-content\/uploads\/2026\/01\/IMG-20260130-WA0017-300x195.jpg 300w, https:\/\/masazdlacialaiduszy.pl\/wp-content\/uploads\/2026\/01\/IMG-20260130-WA0017-768x500.jpg 768w, https:\/\/masazdlacialaiduszy.pl\/wp-content\/uploads\/2026\/01\/IMG-20260130-WA0017-1536x1000.jpg 1536w, https:\/\/masazdlacialaiduszy.pl\/wp-content\/uploads\/2026\/01\/IMG-20260130-WA0017.jpg 2048w\" sizes=\"(max-width: 1024px) 100vw, 1024px\" \/><\/figure>\n\n\n\n<figure class=\"wp-block-pullquote\"><blockquote><p>Masa\u017c leczniczy<\/p><cite>Masa\u017c w kt\u00f3rym stosowane s\u0105 techniki terapeutyczne, tkanki g\u0142\u0119bokie, punkty spustowe, uwalnianie emocji        <\/cite><\/blockquote><\/figure>\n\n\n\n<p><strong>Masa\u017c leczniczy<\/strong><\/p>\n\n\n\n<p>1h &#8211; 250z\u0142<\/p>\n\n\n\n<p>1,5h &#8211; 350z\u0142<\/p>\n\n\n\n<p><strong>Masa\u017c leczniczy terapia wisceralna<\/strong><\/p>\n\n\n\n<p>1h 15min &#8211;  300z\u0142<\/p>\n\n\n\n<p>2h &#8211; 400z\u0142<\/p>\n\n\n\n<p><\/p>\n\n\n\n<p><\/p>\n<\/div>\n\n\n\n<div class=\"wp-block-column is-layout-flow wp-block-column-is-layout-flow\">\n<figure class=\"wp-block-image size-large\"><img decoding=\"async\" width=\"1024\" height=\"632\" src=\"http:\/\/masazdlacialaiduszy.pl\/wp-content\/uploads\/2026\/01\/aecd67e8-fa37-48ec-a4e9-3662a0ed3fdd-1024x632.png\" alt=\"\" class=\"wp-image-125\" srcset=\"https:\/\/masazdlacialaiduszy.pl\/wp-content\/uploads\/2026\/01\/aecd67e8-fa37-48ec-a4e9-3662a0ed3fdd-1024x632.png 1024w, https:\/\/masazdlacialaiduszy.pl\/wp-content\/uploads\/2026\/01\/aecd67e8-fa37-48ec-a4e9-3662a0ed3fdd-300x185.png 300w, https:\/\/masazdlacialaiduszy.pl\/wp-content\/uploads\/2026\/01\/aecd67e8-fa37-48ec-a4e9-3662a0ed3fdd-768x474.png 768w, https:\/\/masazdlacialaiduszy.pl\/wp-content\/uploads\/2026\/01\/aecd67e8-fa37-48ec-a4e9-3662a0ed3fdd.png 1353w\" sizes=\"(max-width: 1024px) 100vw, 1024px\" \/><\/figure>\n\n\n\n<figure class=\"wp-block-pullquote\"><blockquote><p>Masa\u017ce modeluj\u0105ce<\/p><cite>Maderoterapia&nbsp; kolumbijski masa\u017c cia\u0142a to naturalna, intensywna metoda wykorzystuj\u0105ca specjalne drewniane narz\u0119dzia.<br><br><br>Masa\u017c narz\u0119dziami MasterBlaster\u00ae FasciaBlaster\u00ae to technika masa\u017cu powi\u0119ziowego, kt\u00f3rej celem jest rozlu\u017anienie tkanki \u0142\u0105cznej, redukcja cellulitu.&nbsp;<\/cite><\/blockquote><\/figure>\n\n\n\n<p><strong>Maderoterapia<\/strong><\/p>\n\n\n\n<p>1h &#8211; 250z\u0142<\/p>\n\n\n\n<p>1,5h &#8211; 350z\u0142<\/p>\n\n\n\n<p><strong>Facialblaster<\/strong><\/p>\n\n\n\n<p>1h &#8211; 230z\u0142<\/p>\n\n\n\n<p>1,5h &#8211; 350z\u0142<\/p>\n\n\n\n<p><strong>Drena\u017c limfatyczny<\/strong><\/p>\n\n\n\n<p>1h &#8211; 250z\u0142<\/p>\n\n\n\n<p>1,5h &#8211; 350z\u0142<\/p>\n<\/div>\n\n\n\n<div class=\"wp-block-column is-layout-flow wp-block-column-is-layout-flow\">\n<figure class=\"wp-block-image size-full\"><img decoding=\"async\" width=\"960\" height=\"866\" src=\"http:\/\/masazdlacialaiduszy.pl\/wp-content\/uploads\/2026\/01\/22c805e0-5949-46ea-9564-c604dee6f605.jpg\" alt=\"\" class=\"wp-image-127\" srcset=\"https:\/\/masazdlacialaiduszy.pl\/wp-content\/uploads\/2026\/01\/22c805e0-5949-46ea-9564-c604dee6f605.jpg 960w, https:\/\/masazdlacialaiduszy.pl\/wp-content\/uploads\/2026\/01\/22c805e0-5949-46ea-9564-c604dee6f605-300x271.jpg 300w, https:\/\/masazdlacialaiduszy.pl\/wp-content\/uploads\/2026\/01\/22c805e0-5949-46ea-9564-c604dee6f605-768x693.jpg 768w\" sizes=\"(max-width: 960px) 100vw, 960px\" \/><\/figure>\n\n\n\n<figure class=\"wp-block-pullquote\"><blockquote><p>Masa\u017ce twarzy<\/p><cite>Masa\u017c Kobido to g\u0142eboki masa\u017c wykonywany na powierzchni sk\u00f3ry twarzy. Wywodzi si\u0119 on z tradycyjnych chi\u0144skich za\u0142o\u017ce\u0144 medycznych. Wykonywane ruchy powolne maj\u0105 za zadanie zrelaksowa\u0107 i odpr\u0119\u017cy\u0107 masowan\u0105 osob\u0119, natomiast szybkie, zdecydowane i g\u0142\u0119bokie maj\u0105 pobudzi\u0107 sk\u00f3r\u0119 oraz produkcj\u0119 sk\u0142adnik\u00f3w niezb\u0119dnych do uzyskania efektu liftingu. <br><br>Masa\u017c ZOGA To rodzaj zaawansowanego masa\u017cu likwiduj\u0105cego napi\u0119cia mi\u0119sniowo-powi\u0119ziowe w obr\u0119bie twarzy, g\u0142owy oraz dekoltu. Przywraca symetrie twarzy, modeluje i niezwykle efektownie odm\u0142adza. Polecany r\u00f3wnie\u017c jako remedium na przewlek\u0142e b\u00f3le g\u0142owy oraz bruksizm. Terapia spersonalizowana do potrzeb klienta.<\/cite><\/blockquote><\/figure>\n\n\n\n<p><strong>Kobido<\/strong><\/p>\n\n\n\n<p>1h &#8211; 260z\u0142<\/p>\n\n\n\n<p><strong>Kobido Premium<\/strong><\/p>\n\n\n\n<p>1h 20min &#8211; 400z\u0142<\/p>\n\n\n\n<p><strong>Kobido z technikami Zoga Face<\/strong><\/p>\n\n\n\n<p>1,5h &#8211; 350z\u0142<\/p>\n\n\n\n<p><strong>Zoga Face<\/strong><\/p>\n\n\n\n<p>1,5h &#8211; 350z\u0142<\/p>\n\n\n\n<p><strong>Kriolifting twarzy<\/strong><\/p>\n\n\n\n<p>45min &#8211; 400z\u0142<\/p>\n<\/div>\n<\/div>\n\n\n\n<div class=\"wp-block-columns is-layout-flex wp-container-core-columns-is-layout-28f84493 wp-block-columns-is-layout-flex\">\n<div class=\"wp-block-column is-layout-flow wp-block-column-is-layout-flow\">\n<div class=\"wp-block-columns is-layout-flex wp-container-core-columns-is-layout-28f84493 wp-block-columns-is-layout-flex\">\n<div class=\"wp-block-column is-layout-flow wp-block-column-is-layout-flow\"><\/div>\n\n\n\n<div class=\"wp-block-column is-layout-flow wp-block-column-is-layout-flow\"><\/div>\n\n\n\n<div class=\"wp-block-column is-layout-flow wp-block-column-is-layout-flow\"><\/div>\n<\/div>\n<\/div>\n\n\n\n<div class=\"wp-block-column is-layout-flow wp-block-column-is-layout-flow\"><\/div>\n\n\n\n<div class=\"wp-block-column is-layout-flow wp-block-column-is-layout-flow\"><\/div>\n<\/div>\n\n\n\n<div class=\"wp-block-columns is-layout-flex wp-container-core-columns-is-layout-28f84493 wp-block-columns-is-layout-flex\">\n<div class=\"wp-block-column is-layout-flow wp-block-column-is-layout-flow\">\n<figure class=\"wp-block-image size-large\"><img loading=\"lazy\" decoding=\"async\" width=\"1024\" height=\"605\" src=\"http:\/\/masazdlacialaiduszy.pl\/wp-content\/uploads\/2026\/01\/IMG-20260130-WA0014-1024x605.jpg\" alt=\"\" class=\"wp-image-130\" srcset=\"https:\/\/masazdlacialaiduszy.pl\/wp-content\/uploads\/2026\/01\/IMG-20260130-WA0014-1024x605.jpg 1024w, https:\/\/masazdlacialaiduszy.pl\/wp-content\/uploads\/2026\/01\/IMG-20260130-WA0014-300x177.jpg 300w, https:\/\/masazdlacialaiduszy.pl\/wp-content\/uploads\/2026\/01\/IMG-20260130-WA0014-768x454.jpg 768w, https:\/\/masazdlacialaiduszy.pl\/wp-content\/uploads\/2026\/01\/IMG-20260130-WA0014-1536x908.jpg 1536w, https:\/\/masazdlacialaiduszy.pl\/wp-content\/uploads\/2026\/01\/IMG-20260130-WA0014.jpg 2048w\" sizes=\"(max-width: 1024px) 100vw, 1024px\" \/><\/figure>\n\n\n\n<figure class=\"wp-block-pullquote\"><blockquote><p>Masa\u017c dla dwojga<\/p><cite>Do wyboru masa\u017c klasyczny b\u0105d\u017a relaksacyjny<\/cite><\/blockquote><\/figure>\n\n\n\n<p>1h &#8211; 400z\u0142<\/p>\n\n\n\n<p>1,5h &#8211; 600z\u0142<\/p>\n<\/div>\n\n\n\n<div class=\"wp-block-column is-layout-flow wp-block-column-is-layout-flow\">\n<figure class=\"wp-block-image size-large\"><img loading=\"lazy\" decoding=\"async\" width=\"1024\" height=\"619\" src=\"http:\/\/masazdlacialaiduszy.pl\/wp-content\/uploads\/2026\/01\/IMG-20260130-WA0011-1024x619.jpg\" alt=\"\" class=\"wp-image-131\" srcset=\"https:\/\/masazdlacialaiduszy.pl\/wp-content\/uploads\/2026\/01\/IMG-20260130-WA0011-1024x619.jpg 1024w, https:\/\/masazdlacialaiduszy.pl\/wp-content\/uploads\/2026\/01\/IMG-20260130-WA0011-300x181.jpg 300w, https:\/\/masazdlacialaiduszy.pl\/wp-content\/uploads\/2026\/01\/IMG-20260130-WA0011-768x464.jpg 768w, https:\/\/masazdlacialaiduszy.pl\/wp-content\/uploads\/2026\/01\/IMG-20260130-WA0011-1536x929.jpg 1536w, https:\/\/masazdlacialaiduszy.pl\/wp-content\/uploads\/2026\/01\/IMG-20260130-WA0011.jpg 2048w\" sizes=\"(max-width: 1024px) 100vw, 1024px\" \/><\/figure>\n\n\n\n<figure class=\"wp-block-pullquote\"><blockquote><p>Masa\u017ce relaksacyjne<\/p><cite>Masa\u017c Relaksacyjny przy u\u017cyciu technik lomi lomi,odpr\u0119\u017caj\u0105cy, rozlu\u017aniaj\u0105cy.Masa\u017c gor\u0105cymi kamieniami dzia\u0142a fizjoterapeutycznie. Przywraca sprawno\u015b\u0107 uszkodzonym narz\u0105dom, a jednocze\u015bnie sprzyja wypoczynkowi i regeneracji. Jego dzia\u0142anie sprowadza si\u0119 do \u0142agodzenia wszelkiego rodzaju b\u00f3l\u00f3w mi\u0119\u015bniowych i b\u00f3l\u00f3w zwi\u0105zanych z napi\u0119ciem nerwowym. \u015awietnie wspiera uk\u0142ad kr\u0105\u017cenia, poprawiaj\u0105c jego funkcjonowanie.<\/cite><\/blockquote><\/figure>\n\n\n\n<p><strong>Masa\u017c relaksacyjny<\/strong><\/p>\n\n\n\n<p>1h &#8211;  250z\u0142<\/p>\n\n\n\n<p>1,5h &#8211; 350z\u0142<\/p>\n\n\n\n<p><strong>Masa\u017c gor\u0105cymi kamieniami<\/strong><\/p>\n\n\n\n<p>1,5h &#8211; 350z\u0142<\/p>\n<\/div>\n\n\n\n<div class=\"wp-block-column is-layout-flow wp-block-column-is-layout-flow\">\n<figure class=\"wp-block-image size-large\"><img loading=\"lazy\" decoding=\"async\" width=\"1024\" height=\"606\" src=\"http:\/\/masazdlacialaiduszy.pl\/wp-content\/uploads\/2026\/01\/fea45fed-c9b5-417e-a1cf-f9ba17e138fb-1024x606.png\" alt=\"\" class=\"wp-image-132\" srcset=\"https:\/\/masazdlacialaiduszy.pl\/wp-content\/uploads\/2026\/01\/fea45fed-c9b5-417e-a1cf-f9ba17e138fb-1024x606.png 1024w, https:\/\/masazdlacialaiduszy.pl\/wp-content\/uploads\/2026\/01\/fea45fed-c9b5-417e-a1cf-f9ba17e138fb-300x178.png 300w, https:\/\/masazdlacialaiduszy.pl\/wp-content\/uploads\/2026\/01\/fea45fed-c9b5-417e-a1cf-f9ba17e138fb-768x455.png 768w, https:\/\/masazdlacialaiduszy.pl\/wp-content\/uploads\/2026\/01\/fea45fed-c9b5-417e-a1cf-f9ba17e138fb.png 1344w\" sizes=\"(max-width: 1024px) 100vw, 1024px\" \/><\/figure>\n\n\n\n<figure class=\"wp-block-pullquote\"><blockquote><p>Masa\u017ce klasyczne<\/p><cite>Masa\u017c sportowy jest intensywnym masa\u017cem, uwalniaj\u0105cym zm\u0119cznie&nbsp;kt\u00f3re mo\u017ce by\u0107 skutkiem intensywnej aktywno\u015bci fizycznej.&nbsp;<\/cite><\/blockquote><\/figure>\n\n\n\n<p><strong>Masa\u017c klasyczny<\/strong><\/p>\n\n\n\n<p>1h &#8211; 250z\u0142<\/p>\n\n\n\n<p>1,5h &#8211; 350z\u0142<\/p>\n\n\n\n<p><strong>Masa\u017c sportowy<\/strong><\/p>\n\n\n\n<p>1h &#8211; 250z\u0142<\/p>\n\n\n\n<p>1,5h &#8211; 350z\u0142<\/p>\n<\/div>\n<\/div>\n","protected":false},"excerpt":{"rendered":"<p>Masa\u017c leczniczy Masa\u017c w kt\u00f3rym stosowane s\u0105 techniki terapeutyczne, tkanki g\u0142\u0119bokie, punkty spustowe, uwalnianie emocji Masa\u017c leczniczy 1h &#8211; 250z\u0142 1,5h &#8211; 350z\u0142 Masa\u017c leczniczy terapia wisceralna 1h 15min &#8211; 300z\u0142 2h &#8211; 400z\u0142 Masa\u017ce modeluj\u0105ce Maderoterapia&nbsp; kolumbijski masa\u017c cia\u0142a to naturalna, intensywna metoda wykorzystuj\u0105ca specjalne drewniane narz\u0119dzia. Masa\u017c narz\u0119dziami MasterBlaster\u00ae FasciaBlaster\u00ae to technika masa\u017cu [&hellip;]<\/p>\n","protected":false},"author":1,"featured_media":0,"parent":0,"menu_order":0,"comment_status":"closed","ping_status":"closed","template":"","meta":{"footnotes":""},"class_list":["post-63","page","type-page","status-publish","hentry"],"yoast_head":"<!-- This site is optimized with the Yoast SEO plugin v26.8 - https:\/\/yoast.com\/product\/yoast-seo-wordpress\/ -->\n<title>Masa\u017c - MASA\u017b DLA CIA\u0141A I DUSZY<\/title>\n<meta name=\"robots\" content=\"index, follow, max-snippet:-1, max-image-preview:large, max-video-preview:-1\" \/>\n<link rel=\"canonical\" href=\"https:\/\/masazdlacialaiduszy.pl\/?page_id=63\" \/>\n<meta property=\"og:locale\" content=\"en_US\" \/>\n<meta property=\"og:type\" content=\"article\" \/>\n<meta property=\"og:title\" content=\"Masa\u017c - MASA\u017b DLA CIA\u0141A I DUSZY\" \/>\n<meta property=\"og:description\" content=\"Masa\u017c leczniczy Masa\u017c w kt\u00f3rym stosowane s\u0105 techniki terapeutyczne, tkanki g\u0142\u0119bokie, punkty spustowe, uwalnianie emocji Masa\u017c leczniczy 1h &#8211; 250z\u0142 1,5h &#8211; 350z\u0142 Masa\u017c leczniczy terapia wisceralna 1h 15min &#8211; 300z\u0142 2h &#8211; 400z\u0142 Masa\u017ce modeluj\u0105ce Maderoterapia&nbsp; kolumbijski masa\u017c cia\u0142a to naturalna, intensywna metoda wykorzystuj\u0105ca specjalne drewniane narz\u0119dzia. Masa\u017c narz\u0119dziami MasterBlaster\u00ae FasciaBlaster\u00ae to technika masa\u017cu [&hellip;]\" \/>\n<meta property=\"og:url\" content=\"https:\/\/masazdlacialaiduszy.pl\/?page_id=63\" \/>\n<meta property=\"og:site_name\" content=\"MASA\u017b DLA CIA\u0141A I DUSZY\" \/>\n<meta property=\"article:modified_time\" content=\"2026-02-04T18:10:34+00:00\" \/>\n<meta property=\"og:image\" content=\"http:\/\/masazdlacialaiduszy.pl\/wp-content\/uploads\/2026\/01\/IMG-20260130-WA0017-1024x667.jpg\" \/>\n<meta name=\"twitter:card\" content=\"summary_large_image\" \/>\n<meta name=\"twitter:label1\" content=\"Est. reading time\" \/>\n\t<meta name=\"twitter:data1\" content=\"2 minutes\" \/>\n<script type=\"application\/ld+json\" class=\"yoast-schema-graph\">{\"@context\":\"https:\/\/schema.org\",\"@graph\":[{\"@type\":\"WebPage\",\"@id\":\"https:\/\/masazdlacialaiduszy.pl\/?page_id=63\",\"url\":\"https:\/\/masazdlacialaiduszy.pl\/?page_id=63\",\"name\":\"Masa\u017c - MASA\u017b DLA CIA\u0141A I DUSZY\",\"isPartOf\":{\"@id\":\"https:\/\/masazdlacialaiduszy.pl\/#website\"},\"primaryImageOfPage\":{\"@id\":\"https:\/\/masazdlacialaiduszy.pl\/?page_id=63#primaryimage\"},\"image\":{\"@id\":\"https:\/\/masazdlacialaiduszy.pl\/?page_id=63#primaryimage\"},\"thumbnailUrl\":\"http:\/\/masazdlacialaiduszy.pl\/wp-content\/uploads\/2026\/01\/IMG-20260130-WA0017-1024x667.jpg\",\"datePublished\":\"2026-01-22T11:41:32+00:00\",\"dateModified\":\"2026-02-04T18:10:34+00:00\",\"breadcrumb\":{\"@id\":\"https:\/\/masazdlacialaiduszy.pl\/?page_id=63#breadcrumb\"},\"inLanguage\":\"en-US\",\"potentialAction\":[{\"@type\":\"ReadAction\",\"target\":[\"https:\/\/masazdlacialaiduszy.pl\/?page_id=63\"]}]},{\"@type\":\"ImageObject\",\"inLanguage\":\"en-US\",\"@id\":\"https:\/\/masazdlacialaiduszy.pl\/?page_id=63#primaryimage\",\"url\":\"https:\/\/masazdlacialaiduszy.pl\/wp-content\/uploads\/2026\/01\/IMG-20260130-WA0017.jpg\",\"contentUrl\":\"https:\/\/masazdlacialaiduszy.pl\/wp-content\/uploads\/2026\/01\/IMG-20260130-WA0017.jpg\",\"width\":2048,\"height\":1333},{\"@type\":\"BreadcrumbList\",\"@id\":\"https:\/\/masazdlacialaiduszy.pl\/?page_id=63#breadcrumb\",\"itemListElement\":[{\"@type\":\"ListItem\",\"position\":1,\"name\":\"Home\",\"item\":\"https:\/\/masazdlacialaiduszy.pl\/\"},{\"@type\":\"ListItem\",\"position\":2,\"name\":\"Masa\u017c\"}]},{\"@type\":\"WebSite\",\"@id\":\"https:\/\/masazdlacialaiduszy.pl\/#website\",\"url\":\"https:\/\/masazdlacialaiduszy.pl\/\",\"name\":\"MASA\u017b DLA CIA\u0141A I DUSZY\",\"description\":\"\",\"potentialAction\":[{\"@type\":\"SearchAction\",\"target\":{\"@type\":\"EntryPoint\",\"urlTemplate\":\"https:\/\/masazdlacialaiduszy.pl\/?s={search_term_string}\"},\"query-input\":{\"@type\":\"PropertyValueSpecification\",\"valueRequired\":true,\"valueName\":\"search_term_string\"}}],\"inLanguage\":\"en-US\"}]}<\/script>\n<!-- \/ Yoast SEO plugin. -->","yoast_head_json":{"title":"Masa\u017c - MASA\u017b DLA CIA\u0141A I DUSZY","robots":{"index":"index","follow":"follow","max-snippet":"max-snippet:-1","max-image-preview":"max-image-preview:large","max-video-preview":"max-video-preview:-1"},"canonical":"https:\/\/masazdlacialaiduszy.pl\/?page_id=63","og_locale":"en_US","og_type":"article","og_title":"Masa\u017c - MASA\u017b DLA CIA\u0141A I DUSZY","og_description":"Masa\u017c leczniczy Masa\u017c w kt\u00f3rym stosowane s\u0105 techniki terapeutyczne, tkanki g\u0142\u0119bokie, punkty spustowe, uwalnianie emocji Masa\u017c leczniczy 1h &#8211; 250z\u0142 1,5h &#8211; 350z\u0142 Masa\u017c leczniczy terapia wisceralna 1h 15min &#8211; 300z\u0142 2h &#8211; 400z\u0142 Masa\u017ce modeluj\u0105ce Maderoterapia&nbsp; kolumbijski masa\u017c cia\u0142a to naturalna, intensywna metoda wykorzystuj\u0105ca specjalne drewniane narz\u0119dzia. Masa\u017c narz\u0119dziami MasterBlaster\u00ae FasciaBlaster\u00ae to technika masa\u017cu [&hellip;]","og_url":"https:\/\/masazdlacialaiduszy.pl\/?page_id=63","og_site_name":"MASA\u017b DLA CIA\u0141A I DUSZY","article_modified_time":"2026-02-04T18:10:34+00:00","og_image":[{"url":"http:\/\/masazdlacialaiduszy.pl\/wp-content\/uploads\/2026\/01\/IMG-20260130-WA0017-1024x667.jpg","type":"","width":"","height":""}],"twitter_card":"summary_large_image","twitter_misc":{"Est. reading time":"2 minutes"},"schema":{"@context":"https:\/\/schema.org","@graph":[{"@type":"WebPage","@id":"https:\/\/masazdlacialaiduszy.pl\/?page_id=63","url":"https:\/\/masazdlacialaiduszy.pl\/?page_id=63","name":"Masa\u017c - MASA\u017b DLA CIA\u0141A I DUSZY","isPartOf":{"@id":"https:\/\/masazdlacialaiduszy.pl\/#website"},"primaryImageOfPage":{"@id":"https:\/\/masazdlacialaiduszy.pl\/?page_id=63#primaryimage"},"image":{"@id":"https:\/\/masazdlacialaiduszy.pl\/?page_id=63#primaryimage"},"thumbnailUrl":"http:\/\/masazdlacialaiduszy.pl\/wp-content\/uploads\/2026\/01\/IMG-20260130-WA0017-1024x667.jpg","datePublished":"2026-01-22T11:41:32+00:00","dateModified":"2026-02-04T18:10:34+00:00","breadcrumb":{"@id":"https:\/\/masazdlacialaiduszy.pl\/?page_id=63#breadcrumb"},"inLanguage":"en-US","potentialAction":[{"@type":"ReadAction","target":["https:\/\/masazdlacialaiduszy.pl\/?page_id=63"]}]},{"@type":"ImageObject","inLanguage":"en-US","@id":"https:\/\/masazdlacialaiduszy.pl\/?page_id=63#primaryimage","url":"https:\/\/masazdlacialaiduszy.pl\/wp-content\/uploads\/2026\/01\/IMG-20260130-WA0017.jpg","contentUrl":"https:\/\/masazdlacialaiduszy.pl\/wp-content\/uploads\/2026\/01\/IMG-20260130-WA0017.jpg","width":2048,"height":1333},{"@type":"BreadcrumbList","@id":"https:\/\/masazdlacialaiduszy.pl\/?page_id=63#breadcrumb","itemListElement":[{"@type":"ListItem","position":1,"name":"Home","item":"https:\/\/masazdlacialaiduszy.pl\/"},{"@type":"ListItem","position":2,"name":"Masa\u017c"}]},{"@type":"WebSite","@id":"https:\/\/masazdlacialaiduszy.pl\/#website","url":"https:\/\/masazdlacialaiduszy.pl\/","name":"MASA\u017b DLA CIA\u0141A I DUSZY","description":"","potentialAction":[{"@type":"SearchAction","target":{"@type":"EntryPoint","urlTemplate":"https:\/\/masazdlacialaiduszy.pl\/?s={search_term_string}"},"query-input":{"@type":"PropertyValueSpecification","valueRequired":true,"valueName":"search_term_string"}}],"inLanguage":"en-US"}]}},"_links":{"self":[{"href":"https:\/\/masazdlacialaiduszy.pl\/index.php?rest_route=\/wp\/v2\/pages\/63","targetHints":{"allow":["GET"]}}],"collection":[{"href":"https:\/\/masazdlacialaiduszy.pl\/index.php?rest_route=\/wp\/v2\/pages"}],"about":[{"href":"https:\/\/masazdlacialaiduszy.pl\/index.php?rest_route=\/wp\/v2\/types\/page"}],"author":[{"embeddable":true,"href":"https:\/\/masazdlacialaiduszy.pl\/index.php?rest_route=\/wp\/v2\/users\/1"}],"replies":[{"embeddable":true,"href":"https:\/\/masazdlacialaiduszy.pl\/index.php?rest_route=%2Fwp%2Fv2%2Fcomments&post=63"}],"version-history":[{"count":6,"href":"https:\/\/masazdlacialaiduszy.pl\/index.php?rest_route=\/wp\/v2\/pages\/63\/revisions"}],"predecessor-version":[{"id":147,"href":"https:\/\/masazdlacialaiduszy.pl\/index.php?rest_route=\/wp\/v2\/pages\/63\/revisions\/147"}],"wp:attachment":[{"href":"https:\/\/masazdlacialaiduszy.pl\/index.php?rest_route=%2Fwp%2Fv2%2Fmedia&parent=63"}],"curies":[{"name":"wp","href":"https:\/\/api.w.org\/{rel}","templated":true}]}}